{"id":586,"date":"2021-12-02T23:40:05","date_gmt":"2021-12-02T22:40:05","guid":{"rendered":"https:\/\/www.funicarmulden.ch\/?page_id=586"},"modified":"2022-12-15T23:33:00","modified_gmt":"2022-12-15T22:33:00","slug":"pet","status":"publish","type":"page","link":"https:\/\/www.funicarmulden.ch\/fr\/offre\/pet\/","title":{"rendered":"PET \u2013 collecter pour recycler"},"content":{"rendered":"\n<div class=\"wp-block-group alignfull has-white-background-color has-background\"><div class=\"wp-block-group__inner-container is-layout-flow wp-block-group-is-layout-flow\">\n<div class=\"wp-block-group\"><div class=\"wp-block-group__inner-container is-layout-flow wp-block-group-is-layout-flow\">\n<h2 class=\"wp-block-heading\">Collecter le PET avec panache<\/h2>\n\n\n\n<p class=\"lead\">Presser, laisser sortir l\u2019air, remettre la capsule et jeter dans le conteneur avec les sacs de collecte. Puis, c\u2019est \u00e0 notre tour et nous amenons les bouteilles PET collect\u00e9es dans les sites de recyclage.<\/p>\n\n\n\n<div class=\"wp-block-media-text alignwide is-stacked-on-mobile is-vertically-aligned-top hurni-media-text\" style=\"grid-template-columns:35% auto\"><figure class=\"wp-block-media-text__media\"><img loading=\"lazy\" decoding=\"async\" width=\"400\" height=\"300\" src=\"\/wp-content\/uploads\/sites\/5\/2021\/12\/PET1.jpg\" alt=\"\" class=\"wp-image-128 size-full\" srcset=\"https:\/\/www.funicarmulden.ch\/wp-content\/uploads\/sites\/5\/2021\/12\/PET1.jpg 400w, https:\/\/www.funicarmulden.ch\/wp-content\/uploads\/sites\/5\/2021\/12\/PET1-300x225.jpg 300w\" sizes=\"auto, (max-width: 400px) 100vw, 400px\" \/><\/figure><div class=\"wp-block-media-text__content\">\n<h3 class=\"wp-block-heading\">Qu\u2019est-ce que le PET?<\/h3>\n\n\n\n<p>PET est l\u2019abr\u00e9viation de polyt\u00e9r\u00e9phtalate d&rsquo;\u00e9thyl\u00e8ne (en anglais \u00abpolythylene terephthalate\u00bb), une mati\u00e8re synth\u00e9tique thermoplastique produit par la polycondensation de la famille des polyester. Les bouteilles PET sont id\u00e9ales pour le recyclage. Plus de 80 pourcent des bouteilles vendues sont recycl\u00e9es.<\/p>\n<\/div><\/div>\n\n\n\n<div class=\"wp-block-media-text alignwide is-stacked-on-mobile is-vertically-aligned-top hurni-media-text\" style=\"grid-template-columns:35% auto\"><figure class=\"wp-block-media-text__media\"><img loading=\"lazy\" decoding=\"async\" width=\"400\" height=\"300\" src=\"\/wp-content\/uploads\/sites\/5\/2022\/12\/PET.jpg\" alt=\"\" class=\"wp-image-463 size-full\" srcset=\"https:\/\/www.funicarmulden.ch\/wp-content\/uploads\/sites\/5\/2022\/12\/PET.jpg 400w, https:\/\/www.funicarmulden.ch\/wp-content\/uploads\/sites\/5\/2022\/12\/PET-300x225.jpg 300w\" sizes=\"auto, (max-width: 400px) 100vw, 400px\" \/><\/figure><div class=\"wp-block-media-text__content\">\n<h3 class=\"wp-block-heading\">Transport par Funicar<\/h3>\n\n\n\n<p>La Centrale de bennes Funicar du Groupe Hurni est comp\u00e9tente pour le ramassage des sacs de collecte PET dans notre r\u00e9gion.<\/p>\n<\/div><\/div>\n\n\n\n<div class=\"wp-block-media-text alignwide is-stacked-on-mobile is-vertically-aligned-top hurni-media-text\" style=\"grid-template-columns:35% auto\"><figure class=\"wp-block-media-text__media\"><img loading=\"lazy\" decoding=\"async\" width=\"400\" height=\"300\" src=\"\/wp-content\/uploads\/sites\/5\/2022\/01\/petsortierung.jpg\" alt=\"\" class=\"wp-image-298 size-full\" srcset=\"https:\/\/www.funicarmulden.ch\/wp-content\/uploads\/sites\/5\/2022\/01\/petsortierung.jpg 400w, https:\/\/www.funicarmulden.ch\/wp-content\/uploads\/sites\/5\/2022\/01\/petsortierung-300x225.jpg 300w\" sizes=\"auto, (max-width: 400px) 100vw, 400px\" \/><\/figure><div class=\"wp-block-media-text__content\">\n<h3 class=\"wp-block-heading\">\u00c9conomiser de l\u2019\u00e9nergie<\/h3>\n\n\n\n<p>Gr\u00e2ce au recyclage du PET, 36 millions de litres de p\u00e9trole brut sont \u00e9conomis\u00e9s par an en Suisse. De plus, 124&rsquo;000 tonnes de CO2 en moins sont rejet\u00e9es dans l\u2019air.<\/p>\n<\/div><\/div>\n<\/div><\/div>\n<\/div><\/div>\n","protected":false},"excerpt":{"rendered":"<p>Collecter le PET avec panache Presser, laisser sortir l\u2019air, remettre la capsule et jeter dans le conteneur avec les sacs de collecte. Puis, c\u2019est \u00e0&hellip;<\/p>\n","protected":false},"author":2,"featured_media":380,"parent":346,"menu_order":160,"comment_status":"closed","ping_status":"closed","template":"","meta":{"inline_featured_image":false,"_uag_custom_page_level_css":"","pgc_sgb_lightbox_settings":"","footnotes":""},"class_list":["post-586","page","type-page","status-publish","has-post-thumbnail","hentry"],"aioseo_notices":[],"uagb_featured_image_src":{"full":["https:\/\/www.funicarmulden.ch\/wp-content\/uploads\/sites\/5\/2021\/12\/Header_PET.jpg",1500,500,false],"thumbnail":["https:\/\/www.funicarmulden.ch\/wp-content\/uploads\/sites\/5\/2021\/12\/Header_PET-150x150.jpg",150,150,true],"medium":["https:\/\/www.funicarmulden.ch\/wp-content\/uploads\/sites\/5\/2021\/12\/Header_PET-300x100.jpg",300,100,true],"medium_large":["https:\/\/www.funicarmulden.ch\/wp-content\/uploads\/sites\/5\/2021\/12\/Header_PET-768x256.jpg",768,256,true],"large":["https:\/\/www.funicarmulden.ch\/wp-content\/uploads\/sites\/5\/2021\/12\/Header_PET-1024x341.jpg",843,281,true],"1536x1536":["https:\/\/www.funicarmulden.ch\/wp-content\/uploads\/sites\/5\/2021\/12\/Header_PET.jpg",1500,500,false],"2048x2048":["https:\/\/www.funicarmulden.ch\/wp-content\/uploads\/sites\/5\/2021\/12\/Header_PET.jpg",1500,500,false]},"uagb_author_info":{"display_name":"gffh","author_link":"https:\/\/www.funicarmulden.ch\/fr\/author\/gffh\/"},"uagb_comment_info":0,"uagb_excerpt":"Collecter le PET avec panache Presser, laisser sortir l\u2019air, remettre la capsule et jeter dans le conteneur avec les sacs de collecte. Puis, c\u2019est \u00e0&hellip;","_links":{"self":[{"href":"https:\/\/www.funicarmulden.ch\/fr\/wp-json\/wp\/v2\/pages\/586","targetHints":{"allow":["GET"]}}],"collection":[{"href":"https:\/\/www.funicarmulden.ch\/fr\/wp-json\/wp\/v2\/pages"}],"about":[{"href":"https:\/\/www.funicarmulden.ch\/fr\/wp-json\/wp\/v2\/types\/page"}],"author":[{"embeddable":true,"href":"https:\/\/www.funicarmulden.ch\/fr\/wp-json\/wp\/v2\/users\/2"}],"replies":[{"embeddable":true,"href":"https:\/\/www.funicarmulden.ch\/fr\/wp-json\/wp\/v2\/comments?post=586"}],"version-history":[{"count":2,"href":"https:\/\/www.funicarmulden.ch\/fr\/wp-json\/wp\/v2\/pages\/586\/revisions"}],"predecessor-version":[{"id":589,"href":"https:\/\/www.funicarmulden.ch\/fr\/wp-json\/wp\/v2\/pages\/586\/revisions\/589"}],"up":[{"embeddable":true,"href":"https:\/\/www.funicarmulden.ch\/fr\/wp-json\/wp\/v2\/pages\/346"}],"wp:featuredmedia":[{"embeddable":true,"href":"https:\/\/www.funicarmulden.ch\/fr\/wp-json\/wp\/v2\/media\/380"}],"wp:attachment":[{"href":"https:\/\/www.funicarmulden.ch\/fr\/wp-json\/wp\/v2\/media?parent=586"}],"curies":[{"name":"wp","href":"https:\/\/api.w.org\/{rel}","templated":true}]}}