{"id":577,"date":"2021-12-02T23:26:17","date_gmt":"2021-12-02T22:26:17","guid":{"rendered":"https:\/\/www.funicarmulden.ch\/?page_id=577"},"modified":"2022-12-15T23:33:18","modified_gmt":"2022-12-15T22:33:18","slug":"vieux-papier-carton","status":"publish","type":"page","link":"https:\/\/www.funicarmulden.ch\/fr\/offre\/vieux-papier-carton\/","title":{"rendered":"Vieux papier &#038; carton \u2013 collect\u00e9s pour le recyclage"},"content":{"rendered":"\n<div class=\"wp-block-group alignfull has-white-background-color has-background\"><div class=\"wp-block-group__inner-container is-layout-flow wp-block-group-is-layout-flow\">\n<div class=\"wp-block-group\"><div class=\"wp-block-group__inner-container is-layout-flow wp-block-group-is-layout-flow\">\n<h2 class=\"wp-block-heading\">Nous collectons par conviction<\/h2>\n\n\n\n<p class=\"lead\">Chez Hurni, le recyclage de mat\u00e9riaux recyclables est une tradition depuis plusieurs d\u00e9cennies. Ainsi, nous sommes aussi \u00e0 l\u2019avant-garde du recyclage du papier et du carton. L\u2019entreprise Sch\u00fcrch, appartenant au Groupe Hurni, collecte chaque ann\u00e9e quelque 2500 tonnes de vieux papier et de cartons.<\/p>\n\n\n\n<div class=\"wp-block-media-text alignwide is-stacked-on-mobile is-vertically-aligned-top hurni-media-text\" style=\"grid-template-columns:35% auto\"><figure class=\"wp-block-media-text__media\"><img loading=\"lazy\" decoding=\"async\" width=\"400\" height=\"300\" src=\"\/wp-content\/uploads\/sites\/5\/2022\/12\/Papiersammler.jpg\" alt=\"\" class=\"wp-image-460 size-full\" srcset=\"https:\/\/www.funicarmulden.ch\/wp-content\/uploads\/sites\/5\/2022\/12\/Papiersammler.jpg 400w, https:\/\/www.funicarmulden.ch\/wp-content\/uploads\/sites\/5\/2022\/12\/Papiersammler-300x225.jpg 300w\" sizes=\"auto, (max-width: 400px) 100vw, 400px\" \/><\/figure><div class=\"wp-block-media-text__content\">\n<h3 class=\"wp-block-heading\">Collecte de papier dans plus de 40 communes<\/h3>\n\n\n\n<p>L\u2019entreprise Sch\u00fcrch, appartenant au Groupe Hurni, collecte chaque ann\u00e9e quelque 2500 tonnes de vieux papier et de carton \u2013 dans plus de 40 communes du Seeland, du Jura bernois et dans le canton du Jura.<\/p>\n<\/div><\/div>\n\n\n\n<div class=\"wp-block-media-text alignwide is-stacked-on-mobile is-vertically-aligned-top hurni-media-text\" style=\"grid-template-columns:35% auto\"><figure class=\"wp-block-media-text__media\"><img loading=\"lazy\" decoding=\"async\" width=\"400\" height=\"300\" src=\"\/wp-content\/uploads\/sites\/5\/2022\/12\/Zwischenlager.jpg\" alt=\"\" class=\"wp-image-461 size-full\" srcset=\"https:\/\/www.funicarmulden.ch\/wp-content\/uploads\/sites\/5\/2022\/12\/Zwischenlager.jpg 400w, https:\/\/www.funicarmulden.ch\/wp-content\/uploads\/sites\/5\/2022\/12\/Zwischenlager-300x225.jpg 300w\" sizes=\"auto, (max-width: 400px) 100vw, 400px\" \/><\/figure><div class=\"wp-block-media-text__content\">\n<h3 class=\"wp-block-heading\">Stockage interm\u00e9diaire \u00e0 Bienne in Biel<\/h3>\n\n\n\n<p>Le vieux papier collect\u00e9 dans la r\u00e9gion est entrepos\u00e9 \u00e0 titre provisoire de mani\u00e8re centralis\u00e9e au centre de triage REMO \u00e0 Bienne, puis transport\u00e9 par <a href=\"https:\/\/www.aps.swiss\/\" target=\"_blank\" rel=\"noreferrer noopener\">Altpapier Service Schweiz S.A.<\/a> jusqu\u2019\u00e0 la papeterie de Perlen.<\/p>\n<\/div><\/div>\n\n\n\n<div class=\"wp-block-media-text alignwide is-stacked-on-mobile is-vertically-aligned-top hurni-media-text\" style=\"grid-template-columns:35% auto\"><figure class=\"wp-block-media-text__media\"><img loading=\"lazy\" decoding=\"async\" width=\"400\" height=\"300\" src=\"\/wp-content\/uploads\/sites\/5\/2021\/12\/Altpapier-2.jpg\" alt=\"\" class=\"wp-image-90 size-full\" srcset=\"https:\/\/www.funicarmulden.ch\/wp-content\/uploads\/sites\/5\/2021\/12\/Altpapier-2.jpg 400w, https:\/\/www.funicarmulden.ch\/wp-content\/uploads\/sites\/5\/2021\/12\/Altpapier-2-300x225.jpg 300w\" sizes=\"auto, (max-width: 400px) 100vw, 400px\" \/><\/figure><div class=\"wp-block-media-text__content\">\n<h3 class=\"wp-block-heading\">Le nouveau papier contient 90 pourcent de vieux papier<\/h3>\n\n\n\n<p>En Suisse, plus de 80 pourcent du vieux papier et carton sont recycl\u00e9s. La proportion de mati\u00e8re fibreuse\u00a0 provenant de vieux papier atteint m\u00eame 90 pourcent lors de la production de papier neuf. C\u2019est une proportion absolue dans le monde entier.<\/p>\n<\/div><\/div>\n<\/div><\/div>\n<\/div><\/div>\n","protected":false},"excerpt":{"rendered":"<p>Nous collectons par conviction Chez Hurni, le recyclage de mat\u00e9riaux recyclables est une tradition depuis plusieurs d\u00e9cennies. Ainsi, nous sommes aussi \u00e0 l\u2019avant-garde du recyclage&hellip;<\/p>\n","protected":false},"author":2,"featured_media":371,"parent":346,"menu_order":140,"comment_status":"closed","ping_status":"closed","template":"","meta":{"inline_featured_image":false,"_uag_custom_page_level_css":"","pgc_sgb_lightbox_settings":"","footnotes":""},"class_list":["post-577","page","type-page","status-publish","has-post-thumbnail","hentry"],"aioseo_notices":[],"uagb_featured_image_src":{"full":["https:\/\/www.funicarmulden.ch\/wp-content\/uploads\/sites\/5\/2021\/12\/Header_funicar2.jpg",1500,500,false],"thumbnail":["https:\/\/www.funicarmulden.ch\/wp-content\/uploads\/sites\/5\/2021\/12\/Header_funicar2-150x150.jpg",150,150,true],"medium":["https:\/\/www.funicarmulden.ch\/wp-content\/uploads\/sites\/5\/2021\/12\/Header_funicar2-300x100.jpg",300,100,true],"medium_large":["https:\/\/www.funicarmulden.ch\/wp-content\/uploads\/sites\/5\/2021\/12\/Header_funicar2-768x256.jpg",768,256,true],"large":["https:\/\/www.funicarmulden.ch\/wp-content\/uploads\/sites\/5\/2021\/12\/Header_funicar2-1024x341.jpg",843,281,true],"1536x1536":["https:\/\/www.funicarmulden.ch\/wp-content\/uploads\/sites\/5\/2021\/12\/Header_funicar2.jpg",1500,500,false],"2048x2048":["https:\/\/www.funicarmulden.ch\/wp-content\/uploads\/sites\/5\/2021\/12\/Header_funicar2.jpg",1500,500,false]},"uagb_author_info":{"display_name":"gffh","author_link":"https:\/\/www.funicarmulden.ch\/fr\/author\/gffh\/"},"uagb_comment_info":0,"uagb_excerpt":"Nous collectons par conviction Chez Hurni, le recyclage de mat\u00e9riaux recyclables est une tradition depuis plusieurs d\u00e9cennies. Ainsi, nous sommes aussi \u00e0 l\u2019avant-garde du recyclage&hellip;","_links":{"self":[{"href":"https:\/\/www.funicarmulden.ch\/fr\/wp-json\/wp\/v2\/pages\/577","targetHints":{"allow":["GET"]}}],"collection":[{"href":"https:\/\/www.funicarmulden.ch\/fr\/wp-json\/wp\/v2\/pages"}],"about":[{"href":"https:\/\/www.funicarmulden.ch\/fr\/wp-json\/wp\/v2\/types\/page"}],"author":[{"embeddable":true,"href":"https:\/\/www.funicarmulden.ch\/fr\/wp-json\/wp\/v2\/users\/2"}],"replies":[{"embeddable":true,"href":"https:\/\/www.funicarmulden.ch\/fr\/wp-json\/wp\/v2\/comments?post=577"}],"version-history":[{"count":1,"href":"https:\/\/www.funicarmulden.ch\/fr\/wp-json\/wp\/v2\/pages\/577\/revisions"}],"predecessor-version":[{"id":578,"href":"https:\/\/www.funicarmulden.ch\/fr\/wp-json\/wp\/v2\/pages\/577\/revisions\/578"}],"up":[{"embeddable":true,"href":"https:\/\/www.funicarmulden.ch\/fr\/wp-json\/wp\/v2\/pages\/346"}],"wp:featuredmedia":[{"embeddable":true,"href":"https:\/\/www.funicarmulden.ch\/fr\/wp-json\/wp\/v2\/media\/371"}],"wp:attachment":[{"href":"https:\/\/www.funicarmulden.ch\/fr\/wp-json\/wp\/v2\/media?parent=577"}],"curies":[{"name":"wp","href":"https:\/\/api.w.org\/{rel}","templated":true}]}}