{"id":574,"date":"2021-12-02T23:33:10","date_gmt":"2021-12-02T22:33:10","guid":{"rendered":"https:\/\/www.funicarmulden.ch\/?page_id=574"},"modified":"2022-12-15T23:57:16","modified_gmt":"2022-12-15T22:57:16","slug":"elimination-des-dechets-de-construction","status":"publish","type":"page","link":"https:\/\/www.funicarmulden.ch\/fr\/offre\/elimination-des-dechets-de-construction\/","title":{"rendered":"Elimination des d\u00e9chets de construction \u2013 vieux bois, encombrants, d\u00e9chets de construction"},"content":{"rendered":"\n<div class=\"wp-block-group alignfull has-white-background-color has-background\"><div class=\"wp-block-group__inner-container is-layout-flow wp-block-group-is-layout-flow\">\n<div class=\"wp-block-group\"><div class=\"wp-block-group__inner-container is-layout-flow wp-block-group-is-layout-flow\">\n<h2 class=\"wp-block-heading\">Tout d\u2019une seule main de A \u00e0 Z<\/h2>\n\n\n\n<p class=\"lead\">Gr\u00e2ce aux nombreuses synergies au sein du Groupe Hurni, l\u2019\u00e9limination de d\u00e9chets de chantier et de mat\u00e9riaux recyclables s\u2019effectue de A \u00e0 Z d\u2019une seule main: transport, recyclage et \u00e9limination.<\/p>\n\n\n\n<div class=\"wp-block-media-text alignwide is-stacked-on-mobile is-vertically-aligned-top hurni-media-text\" style=\"grid-template-columns:35% auto\"><figure class=\"wp-block-media-text__media\"><img loading=\"lazy\" decoding=\"async\" width=\"400\" height=\"300\" src=\"\/wp-content\/uploads\/sites\/5\/2022\/12\/Transport.jpg\" alt=\"\" class=\"wp-image-453 size-full\" srcset=\"https:\/\/www.funicarmulden.ch\/wp-content\/uploads\/sites\/5\/2022\/12\/Transport.jpg 400w, https:\/\/www.funicarmulden.ch\/wp-content\/uploads\/sites\/5\/2022\/12\/Transport-300x225.jpg 300w\" sizes=\"auto, (max-width: 400px) 100vw, 400px\" \/><\/figure><div class=\"wp-block-media-text__content\">\n<h3 class=\"wp-block-heading\">Transport par la Centrale de bennes<\/h3>\n\n\n\n<p>Le service de bennes performant du Groupe Hurni collecte et transporte les d\u00e9chets de chantier et de mat\u00e9riaux recyclables.<\/p>\n<\/div><\/div>\n\n\n\n<div class=\"wp-block-media-text alignwide is-stacked-on-mobile is-vertically-aligned-top hurni-media-text\" style=\"grid-template-columns:35% auto\"><figure class=\"wp-block-media-text__media\"><img loading=\"lazy\" decoding=\"async\" width=\"400\" height=\"300\" src=\"\/wp-content\/uploads\/sites\/5\/2022\/01\/altholz.jpg\" alt=\"\" class=\"wp-image-290 size-full\" srcset=\"https:\/\/www.funicarmulden.ch\/wp-content\/uploads\/sites\/5\/2022\/01\/altholz.jpg 400w, https:\/\/www.funicarmulden.ch\/wp-content\/uploads\/sites\/5\/2022\/01\/altholz-300x225.jpg 300w\" sizes=\"auto, (max-width: 400px) 100vw, 400px\" \/><\/figure><div class=\"wp-block-media-text__content\">\n<h3 class=\"wp-block-heading\">Vieux bois et objets encombrants<\/h3>\n\n\n\n<p>Du vieux bois, des objets encombrants et du mat\u00e9riau combustible sont recycl\u00e9s par l\u2019entreprise Remo Recycling S.A.<\/p>\n<\/div><\/div>\n\n\n\n<div class=\"wp-block-media-text alignwide is-stacked-on-mobile is-vertically-aligned-top hurni-media-text\" style=\"grid-template-columns:35% auto\"><figure class=\"wp-block-media-text__media\"><img loading=\"lazy\" decoding=\"async\" width=\"400\" height=\"300\" src=\"\/wp-content\/uploads\/sites\/5\/2022\/12\/Bauabfaelle.jpg\" alt=\"\" class=\"wp-image-455 size-full\" srcset=\"https:\/\/www.funicarmulden.ch\/wp-content\/uploads\/sites\/5\/2022\/12\/Bauabfaelle.jpg 400w, https:\/\/www.funicarmulden.ch\/wp-content\/uploads\/sites\/5\/2022\/12\/Bauabfaelle-300x225.jpg 300w\" sizes=\"auto, (max-width: 400px) 100vw, 400px\" \/><\/figure><div class=\"wp-block-media-text__content\">\n<h3 class=\"wp-block-heading\">D\u00e9chets de chantier min\u00e9raux<\/h3>\n\n\n\n<p>Des d\u00e9chets de chantier min\u00e9raux tels que des mat\u00e9riaux d\u2019excavation, des gravats non tri\u00e9s et du vieux b\u00e9ton sont recycl\u00e9s dans des sites de recyclage ou stock\u00e9s d\u00e9finitivement dans des d\u00e9charges.<\/p>\n<\/div><\/div>\n<\/div><\/div>\n<\/div><\/div>\n","protected":false},"excerpt":{"rendered":"<p>Tout d\u2019une seule main de A \u00e0 Z Gr\u00e2ce aux nombreuses synergies au sein du Groupe Hurni, l\u2019\u00e9limination de d\u00e9chets de chantier et de mat\u00e9riaux&hellip;<\/p>\n","protected":false},"author":2,"featured_media":621,"parent":346,"menu_order":130,"comment_status":"closed","ping_status":"closed","template":"","meta":{"inline_featured_image":false,"_uag_custom_page_level_css":"","pgc_sgb_lightbox_settings":"","footnotes":""},"class_list":["post-574","page","type-page","status-publish","has-post-thumbnail","hentry"],"aioseo_notices":[],"uagb_featured_image_src":{"full":["https:\/\/www.funicarmulden.ch\/wp-content\/uploads\/sites\/5\/2022\/12\/header_Bauentsorgung_neu-scaled-1.jpg",2560,835,false],"thumbnail":["https:\/\/www.funicarmulden.ch\/wp-content\/uploads\/sites\/5\/2022\/12\/header_Bauentsorgung_neu-scaled-1-150x150.jpg",150,150,true],"medium":["https:\/\/www.funicarmulden.ch\/wp-content\/uploads\/sites\/5\/2022\/12\/header_Bauentsorgung_neu-scaled-1-300x98.jpg",300,98,true],"medium_large":["https:\/\/www.funicarmulden.ch\/wp-content\/uploads\/sites\/5\/2022\/12\/header_Bauentsorgung_neu-scaled-1-768x251.jpg",768,251,true],"large":["https:\/\/www.funicarmulden.ch\/wp-content\/uploads\/sites\/5\/2022\/12\/header_Bauentsorgung_neu-scaled-1-1024x334.jpg",843,275,true],"1536x1536":["https:\/\/www.funicarmulden.ch\/wp-content\/uploads\/sites\/5\/2022\/12\/header_Bauentsorgung_neu-scaled-1-1536x501.jpg",1536,501,true],"2048x2048":["https:\/\/www.funicarmulden.ch\/wp-content\/uploads\/sites\/5\/2022\/12\/header_Bauentsorgung_neu-scaled-1-2048x668.jpg",2048,668,true]},"uagb_author_info":{"display_name":"gffh","author_link":"https:\/\/www.funicarmulden.ch\/fr\/author\/gffh\/"},"uagb_comment_info":0,"uagb_excerpt":"Tout d\u2019une seule main de A \u00e0 Z Gr\u00e2ce aux nombreuses synergies au sein du Groupe Hurni, l\u2019\u00e9limination de d\u00e9chets de chantier et de mat\u00e9riaux&hellip;","_links":{"self":[{"href":"https:\/\/www.funicarmulden.ch\/fr\/wp-json\/wp\/v2\/pages\/574","targetHints":{"allow":["GET"]}}],"collection":[{"href":"https:\/\/www.funicarmulden.ch\/fr\/wp-json\/wp\/v2\/pages"}],"about":[{"href":"https:\/\/www.funicarmulden.ch\/fr\/wp-json\/wp\/v2\/types\/page"}],"author":[{"embeddable":true,"href":"https:\/\/www.funicarmulden.ch\/fr\/wp-json\/wp\/v2\/users\/2"}],"replies":[{"embeddable":true,"href":"https:\/\/www.funicarmulden.ch\/fr\/wp-json\/wp\/v2\/comments?post=574"}],"version-history":[{"count":3,"href":"https:\/\/www.funicarmulden.ch\/fr\/wp-json\/wp\/v2\/pages\/574\/revisions"}],"predecessor-version":[{"id":623,"href":"https:\/\/www.funicarmulden.ch\/fr\/wp-json\/wp\/v2\/pages\/574\/revisions\/623"}],"up":[{"embeddable":true,"href":"https:\/\/www.funicarmulden.ch\/fr\/wp-json\/wp\/v2\/pages\/346"}],"wp:featuredmedia":[{"embeddable":true,"href":"https:\/\/www.funicarmulden.ch\/fr\/wp-json\/wp\/v2\/media\/621"}],"wp:attachment":[{"href":"https:\/\/www.funicarmulden.ch\/fr\/wp-json\/wp\/v2\/media?parent=574"}],"curies":[{"name":"wp","href":"https:\/\/api.w.org\/{rel}","templated":true}]}}