{"id":572,"date":"2021-12-02T23:21:35","date_gmt":"2021-12-02T22:21:35","guid":{"rendered":"https:\/\/www.funicarmulden.ch\/?page_id=572"},"modified":"2022-12-15T23:09:28","modified_gmt":"2022-12-15T22:09:28","slug":"service-de-bennes","status":"publish","type":"page","link":"https:\/\/www.funicarmulden.ch\/fr\/offre\/service-de-bennes\/","title":{"rendered":"Service de bennes \u2013 Bennes pour toute la r\u00e9gion"},"content":{"rendered":"\n<div class=\"wp-block-group alignfull has-white-background-color has-background\"><div class=\"wp-block-group__inner-container is-layout-flow wp-block-group-is-layout-flow\">\n<div class=\"wp-block-group\"><div class=\"wp-block-group__inner-container is-layout-flow wp-block-group-is-layout-flow\">\n<h2 class=\"wp-block-heading\">Un service complet de bennes<\/h2>\n\n\n\n<p class=\"lead\">Les soci\u00e9t\u00e9s de service de bennes du Groupe Hurni proposent une gamme compl\u00e8te de bennes et de conteneurs dans la r\u00e9gion Bienne\/Seeland\/Jura bernois.<\/p>\n\n\n\n<div class=\"wp-block-media-text alignwide is-stacked-on-mobile is-vertically-aligned-top hurni-media-text\" style=\"grid-template-columns:35% auto\"><figure class=\"wp-block-media-text__media\"><img loading=\"lazy\" decoding=\"async\" width=\"400\" height=\"300\" src=\"\/wp-content\/uploads\/sites\/5\/2022\/12\/Mulden.jpg\" alt=\"\" class=\"wp-image-450 size-full\" srcset=\"https:\/\/www.funicarmulden.ch\/wp-content\/uploads\/sites\/5\/2022\/12\/Mulden.jpg 400w, https:\/\/www.funicarmulden.ch\/wp-content\/uploads\/sites\/5\/2022\/12\/Mulden-300x225.jpg 300w\" sizes=\"auto, (max-width: 400px) 100vw, 400px\" \/><\/figure><div class=\"wp-block-media-text__content\">\n<h3 class=\"wp-block-heading\">Des bennes pour tous les usages<\/h3>\n\n\n\n<p>Nous fournissons la benne adapt\u00e9e \u00e0 chaque utilisation.<\/p>\n<\/div><\/div>\n\n\n\n<div class=\"wp-block-media-text alignwide is-stacked-on-mobile is-vertically-aligned-top hurni-media-text\" style=\"grid-template-columns:35% auto\"><figure class=\"wp-block-media-text__media\"><img loading=\"lazy\" decoding=\"async\" width=\"400\" height=\"300\" src=\"\/wp-content\/uploads\/sites\/5\/2021\/12\/Altpapier.jpg\" alt=\"\" class=\"wp-image-78 size-full\" srcset=\"https:\/\/www.funicarmulden.ch\/wp-content\/uploads\/sites\/5\/2021\/12\/Altpapier.jpg 400w, https:\/\/www.funicarmulden.ch\/wp-content\/uploads\/sites\/5\/2021\/12\/Altpapier-300x225.jpg 300w\" sizes=\"auto, (max-width: 400px) 100vw, 400px\" \/><\/figure><div class=\"wp-block-media-text__content\">\n<h3 class=\"wp-block-heading\">Le vieux papier, une sp\u00e9cialit\u00e9<\/h3>\n\n\n\n<p>La soci\u00e9t\u00e9 Sch\u00fcrch Muldenservice und Transporte S.A. est sp\u00e9cialis\u00e9e dans l\u2019\u00e9limination de vieux papier.<\/p>\n<\/div><\/div>\n\n\n\n<div class=\"wp-block-media-text alignwide is-stacked-on-mobile is-vertically-aligned-top hurni-media-text\" style=\"grid-template-columns:35% auto\"><figure class=\"wp-block-media-text__media\"><img loading=\"lazy\" decoding=\"async\" width=\"400\" height=\"300\" src=\"\/wp-content\/uploads\/sites\/5\/2022\/12\/Funicar_Fahrer-1.jpg\" alt=\"\" class=\"wp-image-448 size-full\" srcset=\"https:\/\/www.funicarmulden.ch\/wp-content\/uploads\/sites\/5\/2022\/12\/Funicar_Fahrer-1.jpg 400w, https:\/\/www.funicarmulden.ch\/wp-content\/uploads\/sites\/5\/2022\/12\/Funicar_Fahrer-1-300x225.jpg 300w\" sizes=\"auto, (max-width: 400px) 100vw, 400px\" \/><\/figure><div class=\"wp-block-media-text__content\">\n<h3 class=\"wp-block-heading\">Chauffeurs<\/h3>\n\n\n\n<p>20 chauffeurs et chauffeuses interviennent quotidiennement avec leurs v\u00e9hicules modernes dans la r\u00e9gion.<\/p>\n<\/div><\/div>\n<\/div><\/div>\n<\/div><\/div>\n","protected":false},"excerpt":{"rendered":"<p>Un service complet de bennes Les soci\u00e9t\u00e9s de service de bennes du Groupe Hurni proposent une gamme compl\u00e8te de bennes et de conteneurs dans la&hellip;<\/p>\n","protected":false},"author":2,"featured_media":391,"parent":346,"menu_order":120,"comment_status":"closed","ping_status":"closed","template":"","meta":{"inline_featured_image":false,"_uag_custom_page_level_css":"","pgc_sgb_lightbox_settings":"","footnotes":""},"class_list":["post-572","page","type-page","status-publish","has-post-thumbnail","hentry"],"aioseo_notices":[],"uagb_featured_image_src":{"full":["https:\/\/www.funicarmulden.ch\/wp-content\/uploads\/sites\/5\/2021\/12\/header_muldenservice-scaled.jpg",2560,835,false],"thumbnail":["https:\/\/www.funicarmulden.ch\/wp-content\/uploads\/sites\/5\/2021\/12\/header_muldenservice-150x150.jpg",150,150,true],"medium":["https:\/\/www.funicarmulden.ch\/wp-content\/uploads\/sites\/5\/2021\/12\/header_muldenservice-300x98.jpg",300,98,true],"medium_large":["https:\/\/www.funicarmulden.ch\/wp-content\/uploads\/sites\/5\/2021\/12\/header_muldenservice-768x251.jpg",768,251,true],"large":["https:\/\/www.funicarmulden.ch\/wp-content\/uploads\/sites\/5\/2021\/12\/header_muldenservice-1024x334.jpg",843,275,true],"1536x1536":["https:\/\/www.funicarmulden.ch\/wp-content\/uploads\/sites\/5\/2021\/12\/header_muldenservice-1536x501.jpg",1536,501,true],"2048x2048":["https:\/\/www.funicarmulden.ch\/wp-content\/uploads\/sites\/5\/2021\/12\/header_muldenservice-2048x668.jpg",2048,668,true]},"uagb_author_info":{"display_name":"gffh","author_link":"https:\/\/www.funicarmulden.ch\/fr\/author\/gffh\/"},"uagb_comment_info":0,"uagb_excerpt":"Un service complet de bennes Les soci\u00e9t\u00e9s de service de bennes du Groupe Hurni proposent une gamme compl\u00e8te de bennes et de conteneurs dans la&hellip;","_links":{"self":[{"href":"https:\/\/www.funicarmulden.ch\/fr\/wp-json\/wp\/v2\/pages\/572","targetHints":{"allow":["GET"]}}],"collection":[{"href":"https:\/\/www.funicarmulden.ch\/fr\/wp-json\/wp\/v2\/pages"}],"about":[{"href":"https:\/\/www.funicarmulden.ch\/fr\/wp-json\/wp\/v2\/types\/page"}],"author":[{"embeddable":true,"href":"https:\/\/www.funicarmulden.ch\/fr\/wp-json\/wp\/v2\/users\/2"}],"replies":[{"embeddable":true,"href":"https:\/\/www.funicarmulden.ch\/fr\/wp-json\/wp\/v2\/comments?post=572"}],"version-history":[{"count":1,"href":"https:\/\/www.funicarmulden.ch\/fr\/wp-json\/wp\/v2\/pages\/572\/revisions"}],"predecessor-version":[{"id":573,"href":"https:\/\/www.funicarmulden.ch\/fr\/wp-json\/wp\/v2\/pages\/572\/revisions\/573"}],"up":[{"embeddable":true,"href":"https:\/\/www.funicarmulden.ch\/fr\/wp-json\/wp\/v2\/pages\/346"}],"wp:featuredmedia":[{"embeddable":true,"href":"https:\/\/www.funicarmulden.ch\/fr\/wp-json\/wp\/v2\/media\/391"}],"wp:attachment":[{"href":"https:\/\/www.funicarmulden.ch\/fr\/wp-json\/wp\/v2\/media?parent=572"}],"curies":[{"name":"wp","href":"https:\/\/api.w.org\/{rel}","templated":true}]}}