{"id":570,"date":"2021-12-02T23:15:41","date_gmt":"2021-12-02T22:15:41","guid":{"rendered":"https:\/\/www.funicarmulden.ch\/?page_id=570"},"modified":"2022-12-16T00:00:57","modified_gmt":"2022-12-15T23:00:57","slug":"service-communal","status":"publish","type":"page","link":"https:\/\/www.funicarmulden.ch\/fr\/offre\/service-communal\/","title":{"rendered":"Service communal \u2013 ici, on collecte"},"content":{"rendered":"\n<div class=\"wp-block-group alignfull has-white-background-color has-background\"><div class=\"wp-block-group__inner-container is-layout-flow wp-block-group-is-layout-flow\">\n<div class=\"wp-block-group alignfull\"><div class=\"wp-block-group__inner-container is-layout-flow wp-block-group-is-layout-flow\">\n<h2 class=\"wp-block-heading\">60 communes ne peuvent pas se tromper<\/h2>\n\n\n\n<p class=\"lead\">Plus de 60 communes et de nombreux grands distributeurs de la r\u00e9gion Bienne-Seeland-Jura bernois profite de notre offre \u00e9tendue. Nous recyclons presque tout, du verre usag\u00e9 aux huiles us\u00e9es, en passant par les batteries, piles et bo\u00eetes de conserve \u2013 gr\u00e2ce \u00e0 des solutions de collecte efficaces et \u00e0 des syst\u00e8mes d\u2019\u00e9limination malins.<\/p>\n\n\n\n<div class=\"wp-block-media-text alignwide is-stacked-on-mobile is-vertically-aligned-top hurni-media-text\" style=\"grid-template-columns:35% auto\"><figure class=\"wp-block-media-text__media\"><img loading=\"lazy\" decoding=\"async\" width=\"400\" height=\"300\" src=\"\/wp-content\/uploads\/sites\/5\/2021\/12\/Vollservice.jpg\" alt=\"\" class=\"wp-image-64 size-full\" srcset=\"https:\/\/www.funicarmulden.ch\/wp-content\/uploads\/sites\/5\/2021\/12\/Vollservice.jpg 400w, https:\/\/www.funicarmulden.ch\/wp-content\/uploads\/sites\/5\/2021\/12\/Vollservice-300x225.jpg 300w\" sizes=\"auto, (max-width: 400px) 100vw, 400px\" \/><\/figure><div class=\"wp-block-media-text__content\">\n<h3 class=\"wp-block-heading\">Service complet d\u2019une seule main<\/h3>\n\n\n\n<p>Gr\u00e2ce \u00e0 l\u2019interaction de nos diff\u00e9rentes entreprises, nous pouvons offrir aux communes et entreprises un service complet: collecte, transport, triage, recyclage, \u00e9limination \u2013 et tout cela d\u2019une seule main.<\/p>\n<\/div><\/div>\n\n\n\n<div class=\"wp-block-media-text alignwide is-stacked-on-mobile is-vertically-aligned-top hurni-media-text\" style=\"grid-template-columns:35% auto\"><figure class=\"wp-block-media-text__media\"><img loading=\"lazy\" decoding=\"async\" width=\"400\" height=\"300\" src=\"\/wp-content\/uploads\/sites\/5\/2022\/01\/Funicar_Kundenfr.-Sammelstelle_MOS3700.jpg\" alt=\"\" class=\"wp-image-302 size-full\" srcset=\"https:\/\/www.funicarmulden.ch\/wp-content\/uploads\/sites\/5\/2022\/01\/Funicar_Kundenfr.-Sammelstelle_MOS3700.jpg 400w, https:\/\/www.funicarmulden.ch\/wp-content\/uploads\/sites\/5\/2022\/01\/Funicar_Kundenfr.-Sammelstelle_MOS3700-300x225.jpg 300w\" sizes=\"auto, (max-width: 400px) 100vw, 400px\" \/><\/figure><div class=\"wp-block-media-text__content\">\n<h3 class=\"wp-block-heading\">Points de collecte pratiques pour notre client\u00e8te<\/h3>\n\n\n\n<p>Nos points de collecte sont tr\u00e8s appr\u00e9ci\u00e9s. Ils convainquent par leur esth\u00e9tique, sont clairement structur\u00e9s, engendrent beaucoup moins de bruit et peuvent \u00eatre agrandis gr\u00e2ce \u00e0 un syst\u00e8me modulaire.<\/p>\n<\/div><\/div>\n\n\n\n<div class=\"wp-block-media-text alignwide is-stacked-on-mobile is-vertically-aligned-top hurni-media-text\" style=\"grid-template-columns:35% auto\"><figure class=\"wp-block-media-text__media\"><img loading=\"lazy\" decoding=\"async\" width=\"400\" height=\"300\" src=\"\/wp-content\/uploads\/sites\/5\/2021\/12\/entsorgung.jpg\" alt=\"\" class=\"wp-image-234 size-full\" srcset=\"https:\/\/www.funicarmulden.ch\/wp-content\/uploads\/sites\/5\/2021\/12\/entsorgung.jpg 400w, https:\/\/www.funicarmulden.ch\/wp-content\/uploads\/sites\/5\/2021\/12\/entsorgung-300x225.jpg 300w\" sizes=\"auto, (max-width: 400px) 100vw, 400px\" \/><\/figure><div class=\"wp-block-media-text__content\">\n<h3 class=\"wp-block-heading\">\u00c9cologique gr\u00e2ce \u00e0 l\u2019innovation<\/h3>\n\n\n\n<p>Notre syst\u00e8me de collecte et de transport fait d\u2019une pierre deux coups. Nous vidons les conteneurs directement sur place, \u00e9conomisant ainsi de nombreux kilom\u00e8tres de trajet et donc plus d\u2019argent, et pr\u00e9servons ainsi l\u2019environnement.<\/p>\n<\/div><\/div>\n<\/div><\/div>\n<\/div><\/div>\n","protected":false},"excerpt":{"rendered":"<p>60 communes ne peuvent pas se tromper Plus de 60 communes et de nombreux grands distributeurs de la r\u00e9gion Bienne-Seeland-Jura bernois profite de notre offre&hellip;<\/p>\n","protected":false},"author":2,"featured_media":392,"parent":346,"menu_order":110,"comment_status":"closed","ping_status":"closed","template":"","meta":{"inline_featured_image":false,"_uag_custom_page_level_css":"","pgc_sgb_lightbox_settings":"","footnotes":""},"class_list":["post-570","page","type-page","status-publish","has-post-thumbnail","hentry"],"aioseo_notices":[],"uagb_featured_image_src":{"full":["https:\/\/www.funicarmulden.ch\/wp-content\/uploads\/sites\/5\/2021\/12\/Head_kommunalservice-scaled.jpg",2560,835,false],"thumbnail":["https:\/\/www.funicarmulden.ch\/wp-content\/uploads\/sites\/5\/2021\/12\/Head_kommunalservice-150x150.jpg",150,150,true],"medium":["https:\/\/www.funicarmulden.ch\/wp-content\/uploads\/sites\/5\/2021\/12\/Head_kommunalservice-300x98.jpg",300,98,true],"medium_large":["https:\/\/www.funicarmulden.ch\/wp-content\/uploads\/sites\/5\/2021\/12\/Head_kommunalservice-768x251.jpg",768,251,true],"large":["https:\/\/www.funicarmulden.ch\/wp-content\/uploads\/sites\/5\/2021\/12\/Head_kommunalservice-1024x334.jpg",843,275,true],"1536x1536":["https:\/\/www.funicarmulden.ch\/wp-content\/uploads\/sites\/5\/2021\/12\/Head_kommunalservice-1536x501.jpg",1536,501,true],"2048x2048":["https:\/\/www.funicarmulden.ch\/wp-content\/uploads\/sites\/5\/2021\/12\/Head_kommunalservice-2048x668.jpg",2048,668,true]},"uagb_author_info":{"display_name":"gffh","author_link":"https:\/\/www.funicarmulden.ch\/fr\/author\/gffh\/"},"uagb_comment_info":0,"uagb_excerpt":"60 communes ne peuvent pas se tromper Plus de 60 communes et de nombreux grands distributeurs de la r\u00e9gion Bienne-Seeland-Jura bernois profite de notre offre&hellip;","_links":{"self":[{"href":"https:\/\/www.funicarmulden.ch\/fr\/wp-json\/wp\/v2\/pages\/570","targetHints":{"allow":["GET"]}}],"collection":[{"href":"https:\/\/www.funicarmulden.ch\/fr\/wp-json\/wp\/v2\/pages"}],"about":[{"href":"https:\/\/www.funicarmulden.ch\/fr\/wp-json\/wp\/v2\/types\/page"}],"author":[{"embeddable":true,"href":"https:\/\/www.funicarmulden.ch\/fr\/wp-json\/wp\/v2\/users\/2"}],"replies":[{"embeddable":true,"href":"https:\/\/www.funicarmulden.ch\/fr\/wp-json\/wp\/v2\/comments?post=570"}],"version-history":[{"count":2,"href":"https:\/\/www.funicarmulden.ch\/fr\/wp-json\/wp\/v2\/pages\/570\/revisions"}],"predecessor-version":[{"id":626,"href":"https:\/\/www.funicarmulden.ch\/fr\/wp-json\/wp\/v2\/pages\/570\/revisions\/626"}],"up":[{"embeddable":true,"href":"https:\/\/www.funicarmulden.ch\/fr\/wp-json\/wp\/v2\/pages\/346"}],"wp:featuredmedia":[{"embeddable":true,"href":"https:\/\/www.funicarmulden.ch\/fr\/wp-json\/wp\/v2\/media\/392"}],"wp:attachment":[{"href":"https:\/\/www.funicarmulden.ch\/fr\/wp-json\/wp\/v2\/media?parent=570"}],"curies":[{"name":"wp","href":"https:\/\/api.w.org\/{rel}","templated":true}]}}