{"id":519,"date":"2022-01-11T13:34:35","date_gmt":"2022-01-11T12:34:35","guid":{"rendered":"https:\/\/www.funicarmulden.ch\/?page_id=519"},"modified":"2022-12-14T22:18:33","modified_gmt":"2022-12-14T21:18:33","slug":"notre-profil","status":"publish","type":"page","link":"https:\/\/www.funicarmulden.ch\/fr\/notre-profil\/","title":{"rendered":"Notre profil"},"content":{"rendered":"\n<div class=\"wp-block-group alignfull has-white-background-color has-background\"><div class=\"wp-block-group__inner-container is-layout-flow wp-block-group-is-layout-flow\">\n<div class=\"wp-block-group\"><div class=\"wp-block-group__inner-container is-layout-flow wp-block-group-is-layout-flow\">\n<h2 class=\"wp-block-heading\">Collecter, recycler et \u00e9liminer<\/h2>\n\n\n\n<p class=\"lead\">Plus de 60 communes, divers grands distributeurs et nombre de particuliers comptent sur les services innovants de la soci\u00e9t\u00e9 Centrale de bennes Funicar S.A.<\/p>\n\n\n\n<div class=\"wp-block-media-text alignwide is-stacked-on-mobile is-vertically-aligned-top hurni-media-text\" style=\"grid-template-columns:35% auto\"><figure class=\"wp-block-media-text__media\"><img loading=\"lazy\" decoding=\"async\" width=\"400\" height=\"300\" src=\"\/wp-content\/uploads\/sites\/5\/2022\/01\/1_Funicar_U\u0308ber-uns_IMG_2187.jpg\" alt=\"\" class=\"wp-image-280 size-full\" srcset=\"https:\/\/www.funicarmulden.ch\/wp-content\/uploads\/sites\/5\/2022\/01\/1_Funicar_U\u0308ber-uns_IMG_2187.jpg 400w, https:\/\/www.funicarmulden.ch\/wp-content\/uploads\/sites\/5\/2022\/01\/1_Funicar_U\u0308ber-uns_IMG_2187-300x225.jpg 300w\" sizes=\"auto, (max-width: 400px) 100vw, 400px\" \/><\/figure><div class=\"wp-block-media-text__content\">\n<h3 class=\"wp-block-heading\">Bennes et conteneurs pour la r\u00e9gion<\/h3>\n\n\n\n<p>Les bennes et conteneurs jaunes sont connus dans toute la r\u00e9gion. On les voit partout o\u00f9 des mat\u00e9riaux doivent \u00eatre transport\u00e9s et \u00e9limin\u00e9s dans les r\u00e8gles de l\u2019art: sur des chantiers, dans des points de collecte communaux, pour la collecte de papier ou autres, ainsi que chez des particuliers.<\/p>\n<\/div><\/div>\n\n\n\n<div class=\"wp-block-media-text alignwide is-stacked-on-mobile is-vertically-aligned-top hurni-media-text\" style=\"grid-template-columns:35% auto\"><figure class=\"wp-block-media-text__media\"><img loading=\"lazy\" decoding=\"async\" width=\"400\" height=\"300\" src=\"\/wp-content\/uploads\/sites\/5\/2022\/12\/Flexibel.jpg\" alt=\"\" class=\"wp-image-457 size-full\" srcset=\"https:\/\/www.funicarmulden.ch\/wp-content\/uploads\/sites\/5\/2022\/12\/Flexibel.jpg 400w, https:\/\/www.funicarmulden.ch\/wp-content\/uploads\/sites\/5\/2022\/12\/Flexibel-300x225.jpg 300w\" sizes=\"auto, (max-width: 400px) 100vw, 400px\" \/><\/figure><div class=\"wp-block-media-text__content\">\n<h3 class=\"wp-block-heading\">Flexibilit\u00e9 et efficacit\u00e9<\/h3>\n\n\n\n<p>La soci\u00e9t\u00e9 Centrale de bennes Funicar S.A. a acquis de l\u2019exp\u00e9rience durant des d\u00e9cennies dans les domaines de la collecte, du transport et de la manutention de mat\u00e9riaux recyclables et usag\u00e9s. Ses atouts sont la flexibilit\u00e9, les solutions de collecte individuelles et efficaces, un grand parc de machines et de v\u00e9hicules, ainsi qu\u2019une gamme compl\u00e8te de bennes et de conteneurs.<\/p>\n<\/div><\/div>\n\n\n\n<div class=\"wp-block-media-text alignwide is-stacked-on-mobile is-vertically-aligned-top hurni-media-text\" style=\"grid-template-columns:35% auto\"><figure class=\"wp-block-media-text__media\"><img loading=\"lazy\" decoding=\"async\" width=\"400\" height=\"300\" src=\"\/wp-content\/uploads\/sites\/5\/2022\/01\/3_Funicar_U\u0308ber-uns_IMG_2187_MOS3676.jpg\" alt=\"\" class=\"wp-image-282 size-full\" srcset=\"https:\/\/www.funicarmulden.ch\/wp-content\/uploads\/sites\/5\/2022\/01\/3_Funicar_U\u0308ber-uns_IMG_2187_MOS3676.jpg 400w, https:\/\/www.funicarmulden.ch\/wp-content\/uploads\/sites\/5\/2022\/01\/3_Funicar_U\u0308ber-uns_IMG_2187_MOS3676-300x225.jpg 300w\" sizes=\"auto, (max-width: 400px) 100vw, 400px\" \/><\/figure><div class=\"wp-block-media-text__content\">\n<h3 class=\"wp-block-heading\">Offre \u00e9largie pour les communes<\/h3>\n\n\n\n<p>Les 60 communes de la r\u00e9gion b\u00e9n\u00e9ficient, en particulier, d\u2019une grande offre de solutions pour l\u2019\u00e9limination s\u00fbre et \u00e9cologique de verre usag\u00e9, de vieux papier, de carton, de fer blanc, d\u2019huiles us\u00e9es et bien plus encore.<\/p>\n<\/div><\/div>\n<\/div><\/div>\n<\/div><\/div>\n","protected":false},"excerpt":{"rendered":"<p>Collecter, recycler et \u00e9liminer Plus de 60 communes, divers grands distributeurs et nombre de particuliers comptent sur les services innovants de la soci\u00e9t\u00e9 Centrale de&hellip;<\/p>\n","protected":false},"author":2,"featured_media":415,"parent":0,"menu_order":200,"comment_status":"closed","ping_status":"closed","template":"","meta":{"inline_featured_image":false,"_uag_custom_page_level_css":"","pgc_sgb_lightbox_settings":"","footnotes":""},"class_list":["post-519","page","type-page","status-publish","has-post-thumbnail","hentry"],"aioseo_notices":[],"uagb_featured_image_src":{"full":["https:\/\/www.funicarmulden.ch\/wp-content\/uploads\/sites\/5\/2022\/01\/1_Funicar_U\u0308ber-uns_Header-scaled.jpg",2560,1704,false],"thumbnail":["https:\/\/www.funicarmulden.ch\/wp-content\/uploads\/sites\/5\/2022\/01\/1_Funicar_U\u0308ber-uns_Header-150x150.jpg",150,150,true],"medium":["https:\/\/www.funicarmulden.ch\/wp-content\/uploads\/sites\/5\/2022\/01\/1_Funicar_U\u0308ber-uns_Header-300x200.jpg",300,200,true],"medium_large":["https:\/\/www.funicarmulden.ch\/wp-content\/uploads\/sites\/5\/2022\/01\/1_Funicar_U\u0308ber-uns_Header-768x511.jpg",768,511,true],"large":["https:\/\/www.funicarmulden.ch\/wp-content\/uploads\/sites\/5\/2022\/01\/1_Funicar_U\u0308ber-uns_Header-1024x682.jpg",843,561,true],"1536x1536":["https:\/\/www.funicarmulden.ch\/wp-content\/uploads\/sites\/5\/2022\/01\/1_Funicar_U\u0308ber-uns_Header-1536x1022.jpg",1536,1022,true],"2048x2048":["https:\/\/www.funicarmulden.ch\/wp-content\/uploads\/sites\/5\/2022\/01\/1_Funicar_U\u0308ber-uns_Header-2048x1363.jpg",2048,1363,true]},"uagb_author_info":{"display_name":"gffh","author_link":"https:\/\/www.funicarmulden.ch\/fr\/author\/gffh\/"},"uagb_comment_info":0,"uagb_excerpt":"Collecter, recycler et \u00e9liminer Plus de 60 communes, divers grands distributeurs et nombre de particuliers comptent sur les services innovants de la soci\u00e9t\u00e9 Centrale de&hellip;","_links":{"self":[{"href":"https:\/\/www.funicarmulden.ch\/fr\/wp-json\/wp\/v2\/pages\/519","targetHints":{"allow":["GET"]}}],"collection":[{"href":"https:\/\/www.funicarmulden.ch\/fr\/wp-json\/wp\/v2\/pages"}],"about":[{"href":"https:\/\/www.funicarmulden.ch\/fr\/wp-json\/wp\/v2\/types\/page"}],"author":[{"embeddable":true,"href":"https:\/\/www.funicarmulden.ch\/fr\/wp-json\/wp\/v2\/users\/2"}],"replies":[{"embeddable":true,"href":"https:\/\/www.funicarmulden.ch\/fr\/wp-json\/wp\/v2\/comments?post=519"}],"version-history":[{"count":1,"href":"https:\/\/www.funicarmulden.ch\/fr\/wp-json\/wp\/v2\/pages\/519\/revisions"}],"predecessor-version":[{"id":520,"href":"https:\/\/www.funicarmulden.ch\/fr\/wp-json\/wp\/v2\/pages\/519\/revisions\/520"}],"wp:featuredmedia":[{"embeddable":true,"href":"https:\/\/www.funicarmulden.ch\/fr\/wp-json\/wp\/v2\/media\/415"}],"wp:attachment":[{"href":"https:\/\/www.funicarmulden.ch\/fr\/wp-json\/wp\/v2\/media?parent=519"}],"curies":[{"name":"wp","href":"https:\/\/api.w.org\/{rel}","templated":true}]}}