{"id":346,"date":"2021-11-19T17:09:17","date_gmt":"2021-11-19T16:09:17","guid":{"rendered":"https:\/\/www.funicarmulden.ch\/angebot\/"},"modified":"2022-12-18T21:58:55","modified_gmt":"2022-12-18T20:58:55","slug":"offre","status":"publish","type":"page","link":"https:\/\/www.funicarmulden.ch\/fr\/","title":{"rendered":"Funicar \u2013 Centrale de bennes"},"content":{"rendered":"\n<div class=\"wp-block-group alignfull has-white-background-color has-background\"><div class=\"wp-block-group__inner-container is-layout-flow wp-block-group-is-layout-flow\">\n<div class=\"wp-block-group\"><div class=\"wp-block-group__inner-container is-layout-flow wp-block-group-is-layout-flow\">\n<h2 class=\"wp-block-heading\">Construire signifie aussi \u00e9liminer<\/h2>\n\n\n\n<p class=\"lead\">L\u2019innovation est une tradition chez Hurni. Nous avons aussi \u00e9t\u00e9 pionniers dans l\u2019\u00e9limination et le recyclage de mat\u00e9riaux d\u2019excavation et de d\u00e9chets de chantier ainsi que de mat\u00e9riaux m\u00e9nagers de la vie de tous les jours. Aujourd\u2019hui, l\u2019ensemble de la r\u00e9gion appr\u00e9cie nos solutions d\u2019\u00e9limination et en particulier notre service communal pour plus de 60 communes.<\/p>\n\n\n\n<div class=\"wp-block-columns alignfull tile-columns is-layout-flex wp-container-core-columns-is-layout-9d6595d7 wp-block-columns-is-layout-flex\">\n<div class=\"wp-block-column is-layout-flow wp-block-column-is-layout-flow\" style=\"flex-basis:33.33%\">\n<figure class=\"wp-block-image size-full\"><a href=\"\/fr\/offre\/service-communal\/\"><img loading=\"lazy\" decoding=\"async\" width=\"400\" height=\"300\" src=\"\/wp-content\/uploads\/sites\/5\/2022\/01\/sammelstelle.jpg\" alt=\"\" class=\"wp-image-294\" srcset=\"https:\/\/www.funicarmulden.ch\/wp-content\/uploads\/sites\/5\/2022\/01\/sammelstelle.jpg 400w, https:\/\/www.funicarmulden.ch\/wp-content\/uploads\/sites\/5\/2022\/01\/sammelstelle-300x225.jpg 300w\" sizes=\"auto, (max-width: 400px) 100vw, 400px\" \/><\/a><\/figure>\n\n\n\n<h3 class=\"wp-block-heading\"><a href=\"\/fr\/offre\/service-communal\/\" title=\"\">Service communal<\/a><\/h3>\n<\/div>\n\n\n\n<div class=\"wp-block-column is-layout-flow wp-block-column-is-layout-flow\" style=\"flex-basis:33.33%\">\n<figure class=\"wp-block-image size-full\"><a href=\"\/fr\/offre\/service-de-bennes\/\"><img loading=\"lazy\" decoding=\"async\" width=\"400\" height=\"300\" src=\"\/wp-content\/uploads\/sites\/5\/2021\/12\/Muldenzentrale.jpg\" alt=\"\" class=\"wp-image-53\" srcset=\"https:\/\/www.funicarmulden.ch\/wp-content\/uploads\/sites\/5\/2021\/12\/Muldenzentrale.jpg 400w, https:\/\/www.funicarmulden.ch\/wp-content\/uploads\/sites\/5\/2021\/12\/Muldenzentrale-300x225.jpg 300w\" sizes=\"auto, (max-width: 400px) 100vw, 400px\" \/><\/a><\/figure>\n\n\n\n<h3 class=\"wp-block-heading\"><a href=\"\/fr\/offre\/service-de-bennes\/\" title=\"Service de bennes \u2013 Bennes pour toute la r\u00e9gion\">Service de bennes<\/a><\/h3>\n<\/div>\n\n\n\n<div class=\"wp-block-column is-layout-flow wp-block-column-is-layout-flow\" style=\"flex-basis:33.33%\">\n<figure class=\"wp-block-image size-full\"><a href=\"\/offre\/elimination-des-dechets-de-construction\/\"><img loading=\"lazy\" decoding=\"async\" width=\"400\" height=\"300\" src=\"\/wp-content\/uploads\/sites\/5\/2022\/01\/bauentsorgung.jpg\" alt=\"\" class=\"wp-image-296\" srcset=\"https:\/\/www.funicarmulden.ch\/wp-content\/uploads\/sites\/5\/2022\/01\/bauentsorgung.jpg 400w, https:\/\/www.funicarmulden.ch\/wp-content\/uploads\/sites\/5\/2022\/01\/bauentsorgung-300x225.jpg 300w\" sizes=\"auto, (max-width: 400px) 100vw, 400px\" \/><\/a><\/figure>\n\n\n\n<h3 class=\"wp-block-heading\"><a href=\"\/offre\/elimination-des-dechets-de-construction\/\" title=\"\">\u00c9limination de d\u00e9chets de chantier<\/a><\/h3>\n<\/div>\n<\/div>\n\n\n\n<div class=\"wp-block-columns tile-columns is-layout-flex wp-container-core-columns-is-layout-9d6595d7 wp-block-columns-is-layout-flex\">\n<div class=\"wp-block-column is-layout-flow wp-block-column-is-layout-flow\">\n<figure class=\"wp-block-image size-full\"><a href=\"\/offre\/vieux-papier-carton\/\"><img loading=\"lazy\" decoding=\"async\" width=\"400\" height=\"300\" src=\"\/wp-content\/uploads\/sites\/5\/2021\/12\/AltpapierKarton.jpg\" alt=\"\" class=\"wp-image-55\" srcset=\"https:\/\/www.funicarmulden.ch\/wp-content\/uploads\/sites\/5\/2021\/12\/AltpapierKarton.jpg 400w, https:\/\/www.funicarmulden.ch\/wp-content\/uploads\/sites\/5\/2021\/12\/AltpapierKarton-300x225.jpg 300w\" sizes=\"auto, (max-width: 400px) 100vw, 400px\" \/><\/a><\/figure>\n\n\n\n<h3 class=\"wp-block-heading\"><a href=\"\/offre\/vieux-papier-carton\/\" title=\"\">Vieux papier et carton<\/a><\/h3>\n<\/div>\n\n\n\n<div class=\"wp-block-column is-layout-flow wp-block-column-is-layout-flow\">\n<figure class=\"wp-block-image size-full\"><a href=\"\/offre\/verre-usage\/\"><img loading=\"lazy\" decoding=\"async\" width=\"400\" height=\"300\" src=\"\/wp-content\/uploads\/sites\/5\/2021\/12\/Altglas.jpg\" alt=\"\" class=\"wp-image-56\" srcset=\"https:\/\/www.funicarmulden.ch\/wp-content\/uploads\/sites\/5\/2021\/12\/Altglas.jpg 400w, https:\/\/www.funicarmulden.ch\/wp-content\/uploads\/sites\/5\/2021\/12\/Altglas-300x225.jpg 300w\" sizes=\"auto, (max-width: 400px) 100vw, 400px\" \/><\/a><\/figure>\n\n\n\n<h3 class=\"wp-block-heading\"><a href=\"\/offre\/verre-usage\/\" title=\"\">Verre usag\u00e9<\/a><\/h3>\n<\/div>\n\n\n\n<div class=\"wp-block-column is-layout-flow wp-block-column-is-layout-flow\">\n<figure class=\"wp-block-image size-full\"><a href=\"\/offre\/pet\/\"><img loading=\"lazy\" decoding=\"async\" width=\"400\" height=\"300\" src=\"\/wp-content\/uploads\/sites\/5\/2021\/12\/PET-1.jpg\" alt=\"\" class=\"wp-image-69\" srcset=\"https:\/\/www.funicarmulden.ch\/wp-content\/uploads\/sites\/5\/2021\/12\/PET-1.jpg 400w, https:\/\/www.funicarmulden.ch\/wp-content\/uploads\/sites\/5\/2021\/12\/PET-1-300x225.jpg 300w\" sizes=\"auto, (max-width: 400px) 100vw, 400px\" \/><\/a><\/figure>\n\n\n\n<h3 class=\"wp-block-heading\"><a href=\"\/offre\/pet\/\" title=\"\">PET<\/a><\/h3>\n<\/div>\n<\/div>\n<\/div><\/div>\n<\/div><\/div>\n","protected":false},"excerpt":{"rendered":"<p>Construire signifie aussi \u00e9liminer L\u2019innovation est une tradition chez Hurni. Nous avons aussi \u00e9t\u00e9 pionniers dans l\u2019\u00e9limination et le recyclage de mat\u00e9riaux d\u2019excavation et de&hellip;<\/p>\n","protected":false},"author":1,"featured_media":348,"parent":0,"menu_order":100,"comment_status":"closed","ping_status":"closed","template":"","meta":{"inline_featured_image":false,"_uag_custom_page_level_css":"","pgc_sgb_lightbox_settings":"","footnotes":""},"class_list":["post-346","page","type-page","status-publish","has-post-thumbnail","hentry"],"aioseo_notices":[],"uagb_featured_image_src":{"full":["https:\/\/www.funicarmulden.ch\/wp-content\/uploads\/sites\/5\/2021\/12\/Header1.jpg",1500,500,false],"thumbnail":["https:\/\/www.funicarmulden.ch\/wp-content\/uploads\/sites\/5\/2021\/12\/Header1-150x150.jpg",150,150,true],"medium":["https:\/\/www.funicarmulden.ch\/wp-content\/uploads\/sites\/5\/2021\/12\/Header1-300x100.jpg",300,100,true],"medium_large":["https:\/\/www.funicarmulden.ch\/wp-content\/uploads\/sites\/5\/2021\/12\/Header1-768x256.jpg",768,256,true],"large":["https:\/\/www.funicarmulden.ch\/wp-content\/uploads\/sites\/5\/2021\/12\/Header1-1024x341.jpg",843,281,true],"1536x1536":["https:\/\/www.funicarmulden.ch\/wp-content\/uploads\/sites\/5\/2021\/12\/Header1.jpg",1500,500,false],"2048x2048":["https:\/\/www.funicarmulden.ch\/wp-content\/uploads\/sites\/5\/2021\/12\/Header1.jpg",1500,500,false]},"uagb_author_info":{"display_name":"a.suter","author_link":"https:\/\/www.funicarmulden.ch\/fr\/author\/a-suter\/"},"uagb_comment_info":0,"uagb_excerpt":"Construire signifie aussi \u00e9liminer L\u2019innovation est une tradition chez Hurni. Nous avons aussi \u00e9t\u00e9 pionniers dans l\u2019\u00e9limination et le recyclage de mat\u00e9riaux d\u2019excavation et de&hellip;","_links":{"self":[{"href":"https:\/\/www.funicarmulden.ch\/fr\/wp-json\/wp\/v2\/pages\/346","targetHints":{"allow":["GET"]}}],"collection":[{"href":"https:\/\/www.funicarmulden.ch\/fr\/wp-json\/wp\/v2\/pages"}],"about":[{"href":"https:\/\/www.funicarmulden.ch\/fr\/wp-json\/wp\/v2\/types\/page"}],"author":[{"embeddable":true,"href":"https:\/\/www.funicarmulden.ch\/fr\/wp-json\/wp\/v2\/users\/1"}],"replies":[{"embeddable":true,"href":"https:\/\/www.funicarmulden.ch\/fr\/wp-json\/wp\/v2\/comments?post=346"}],"version-history":[{"count":10,"href":"https:\/\/www.funicarmulden.ch\/fr\/wp-json\/wp\/v2\/pages\/346\/revisions"}],"predecessor-version":[{"id":646,"href":"https:\/\/www.funicarmulden.ch\/fr\/wp-json\/wp\/v2\/pages\/346\/revisions\/646"}],"wp:featuredmedia":[{"embeddable":true,"href":"https:\/\/www.funicarmulden.ch\/fr\/wp-json\/wp\/v2\/media\/348"}],"wp:attachment":[{"href":"https:\/\/www.funicarmulden.ch\/fr\/wp-json\/wp\/v2\/media?parent=346"}],"curies":[{"name":"wp","href":"https:\/\/api.w.org\/{rel}","templated":true}]}}